{"id":29,"date":"2018-10-29T14:46:04","date_gmt":"2018-10-29T13:46:04","guid":{"rendered":"http:\/\/jukinmamas.com\/?page_id=29"},"modified":"2025-09-21T16:22:26","modified_gmt":"2025-09-21T14:22:26","slug":"accueil","status":"publish","type":"page","link":"https:\/\/jukinmamas.com\/","title":{"rendered":""},"content":{"rendered":"<h4 class=\"font_8\"><span class=\"color_21\">Les\u00a0<\/span>Jukin Mamas,<span class=\"color_21\">\u00a0un m\u00e9lange\u00a0de cultures et\u00a0de\u00a0<\/span>talents musicaux\u00a0<span class=\"color_21\">!\u00a0<\/span><\/h4>\n<p data-start=\"257\" data-end=\"698\">Au c\u0153ur des Jukin&#8217; Mamas, il y a la chanteuse Katie Gillespie n\u00e9e \u00e0 La Nouvelle-Orl\u00e9ans, berceau du jazz et des musiques festives, et Caroline Savon chanteuse et contrebassiste n\u00e9e \u00e0 Marseille. Install\u00e9es en Provence, elle s\u2019entourent de grands musiciens pour donner vie \u00e0 ce projet unique\u00a0 avec les tr\u00e8s talentueux Ugo Lemarchand au saxophone, Cleveland Donald \u00e0 la trompette et Gabriel Manzan\u00e8que au banjo et \u00e0 la guitare, et Uma Pommot, aux percussions.<\/p>\n<p data-start=\"257\" data-end=\"698\">Des voix qui s\u2019entrem\u00ealent, des harmonies qui nous font voyager, et une belle \u00e9nergie qui donne envie de faire la f\u00eate !<\/p>\n<p data-start=\"700\" data-end=\"896\">Leur musique, \u00e9clectique et dansante, m\u00eale improvisation et influences multiculturelles.<\/p>\n<p data-start=\"898\" data-end=\"1122\">Chaque concert devient une c\u00e9l\u00e9bration aux accents de Mardi Gras : colliers color\u00e9s, accessoires d\u00e9cal\u00e9s et une \u00e9l\u00e9gance joyeusement d\u00e9jant\u00e9e, toujours en hommage \u00e0 La Nouvelle-Orl\u00e9ans, ville tant aim\u00e9e des Jukin\u2019.<\/p>\n<h4>The Jukin\u2019 Mamas, a\u00a0mix of cultures\u00a0and musical talents!<\/h4>\n<p><img loading=\"lazy\" decoding=\"async\" class=\"size-medium wp-image-72 aligncenter\" src=\"http:\/\/jukinmamas.com\/wp-content\/uploads\/2018\/10\/trumpet-300x125.png\" alt=\"\" width=\"300\" height=\"125\" srcset=\"https:\/\/jukinmamas.com\/wp-content\/uploads\/2018\/10\/trumpet-300x125.png 300w, https:\/\/jukinmamas.com\/wp-content\/uploads\/2018\/10\/trumpet-768x321.png 768w, https:\/\/jukinmamas.com\/wp-content\/uploads\/2018\/10\/trumpet-1024x428.png 1024w\" sizes=\"auto, (max-width: 300px) 100vw, 300px\" \/><\/p>\n<h5 class=\"font_8\"><span class=\"color_21\">From\u00a0<\/span>toe tapping to foot stamping<span class=\"color_21\">, the urge\u00a0<\/span><span class=\"color_21\">to get up and dance is\u00a0<\/span>their signature<span class=\"color_21\">.<\/span><span class=\"wixGuard\">\u200b<\/span><\/h5>\n<p class=\"font_8\"><span class=\"color_21\">The Jukin\u2019 Mama<\/span><span class=\"color_21\" style=\"font-size: 1rem;\">s are eclectic, energetic,\u00a0<\/span><span style=\"font-size: 1rem;\">captivating<\/span><span class=\"color_21\" style=\"font-size: 1rem;\">, fun, full of surprises and professional. Double bass, trumpet, saxophone, guitars, drums and <\/span><span style=\"font-size: 1rem;\">harmonious\u00a0<\/span><span class=\"color_21\" style=\"font-size: 1rem;\">vocal arrangements honor\u00a0<\/span><span style=\"font-size: 1rem;\">New Orleans\u2019<\/span><span class=\"color_21\" style=\"font-size: 1rem;\">\u00a0musical expression, from Mardi Gras to Dixieland, from blues to\u00a0<\/span><span style=\"font-size: 1rem;\">funk and scat<\/span><span class=\"color_21\" style=\"font-size: 1rem;\">, New Orleans and\u00a0<\/span><span style=\"font-size: 1rem;\">Southeast Louisiana<\/span><span class=\"color_21\" style=\"font-size: 1rem;\">\u00a0are never more than a note away.<\/span><\/p>\n<p data-start=\"898\" data-end=\"1122\">\n","protected":false},"excerpt":{"rendered":"<p>Les\u00a0Jukin Mamas,\u00a0un m\u00e9lange\u00a0de cultures et\u00a0de\u00a0talents musicaux\u00a0!\u00a0 Au c\u0153ur des Jukin&#8217; Mamas, il y a la chanteuse Katie Gillespie n\u00e9e \u00e0 La Nouvelle-Orl\u00e9ans, berceau du jazz et des musiques festives, et Caroline Savon chanteuse et contrebassiste n\u00e9e \u00e0 Marseille. Install\u00e9es en Provence, elle s\u2019entourent de grands musiciens pour donner vie \u00e0 ce projet unique\u00a0 avec les &hellip; <\/p>\n<p class=\"link-more\"><a href=\"https:\/\/jukinmamas.com\/\" class=\"more-link\">Continue reading<span class=\"screen-reader-text\"> &#8220;&#8221;<\/span><\/a><\/p>\n","protected":false},"author":1,"featured_media":176,"parent":0,"menu_order":0,"comment_status":"closed","ping_status":"closed","template":"","meta":{"footnotes":""},"class_list":["post-29","page","type-page","status-publish","has-post-thumbnail","hentry"],"_links":{"self":[{"href":"https:\/\/jukinmamas.com\/index.php?rest_route=\/wp\/v2\/pages\/29","targetHints":{"allow":["GET"]}}],"collection":[{"href":"https:\/\/jukinmamas.com\/index.php?rest_route=\/wp\/v2\/pages"}],"about":[{"href":"https:\/\/jukinmamas.com\/index.php?rest_route=\/wp\/v2\/types\/page"}],"author":[{"embeddable":true,"href":"https:\/\/jukinmamas.com\/index.php?rest_route=\/wp\/v2\/users\/1"}],"replies":[{"embeddable":true,"href":"https:\/\/jukinmamas.com\/index.php?rest_route=%2Fwp%2Fv2%2Fcomments&post=29"}],"version-history":[{"count":15,"href":"https:\/\/jukinmamas.com\/index.php?rest_route=\/wp\/v2\/pages\/29\/revisions"}],"predecessor-version":[{"id":277,"href":"https:\/\/jukinmamas.com\/index.php?rest_route=\/wp\/v2\/pages\/29\/revisions\/277"}],"wp:featuredmedia":[{"embeddable":true,"href":"https:\/\/jukinmamas.com\/index.php?rest_route=\/wp\/v2\/media\/176"}],"wp:attachment":[{"href":"https:\/\/jukinmamas.com\/index.php?rest_route=%2Fwp%2Fv2%2Fmedia&parent=29"}],"curies":[{"name":"wp","href":"https:\/\/api.w.org\/{rel}","templated":true}]}}